{"id":94,"date":"2026-03-08T18:19:55","date_gmt":"2026-03-08T18:19:55","guid":{"rendered":"https:\/\/ecole-notredame-marigny.fr\/?page_id=94"},"modified":"2026-03-08T20:23:06","modified_gmt":"2026-03-08T20:23:06","slug":"informations-pratiques","status":"publish","type":"page","link":"https:\/\/ecole-notredame-marigny.fr\/index.php\/informations-pratiques\/","title":{"rendered":"Informations pratiques"},"content":{"rendered":"\n<p>L&rsquo;\u00e9cole Notre Dame accueille les \u00e9l\u00e8ves de la TPS au CM2, sur 4 classes : TPS-PS-MS \/ GS-CP \/ CE1-CE2 \/ CM1-CM2 <\/p>\n\n\n\n<p><strong>Nous vous proposons : <\/strong><\/p>\n\n\n\n<ul class=\"wp-block-list\">\n<li>Un encadrement \u00e9ducatif bienveillant et exigeant<\/li>\n\n\n\n<li>Une attention et un accompagnement envers chaque enfant<\/li>\n\n\n\n<li>Des projets d\u2019ann\u00e9e avec des sorties, des spectacles\u2026<\/li>\n\n\n\n<li>Une \u00e9tude surveill\u00e9e \u00e0 partir du CP<\/li>\n\n\n\n<li>Des liens renforc\u00e9s entre petits et grands<\/li>\n\n\n\n<li>Une proposition d\u2019\u00e9veil \u00e0 la foi : Cat\u00e9 \u00e0 partir du CE2 ou culture religieuse<\/li>\n\n\n\n<li>Un climat d\u2019\u00e9cole convivial<\/li>\n<\/ul>\n\n\n\n<figure class=\"wp-block-image size-large\"><img loading=\"lazy\" decoding=\"async\" width=\"1024\" height=\"208\" src=\"https:\/\/ecole-notredame-marigny.fr\/wp-content\/uploads\/2026\/03\/Capture-decran-2026-03-08-a-20.56.50-1024x208.png\" alt=\"\" class=\"wp-image-114\" srcset=\"https:\/\/ecole-notredame-marigny.fr\/wp-content\/uploads\/2026\/03\/Capture-decran-2026-03-08-a-20.56.50-1024x208.png 1024w, https:\/\/ecole-notredame-marigny.fr\/wp-content\/uploads\/2026\/03\/Capture-decran-2026-03-08-a-20.56.50-300x61.png 300w, https:\/\/ecole-notredame-marigny.fr\/wp-content\/uploads\/2026\/03\/Capture-decran-2026-03-08-a-20.56.50-768x156.png 768w, https:\/\/ecole-notredame-marigny.fr\/wp-content\/uploads\/2026\/03\/Capture-decran-2026-03-08-a-20.56.50-1536x312.png 1536w, https:\/\/ecole-notredame-marigny.fr\/wp-content\/uploads\/2026\/03\/Capture-decran-2026-03-08-a-20.56.50.png 1905w\" sizes=\"auto, (max-width: 1024px) 100vw, 1024px\" \/><\/figure>\n\n\n\n<p class=\"has-text-color has-link-color has-large-font-size wp-elements-db229fb5e38a16c65d00e50bd6d789f8\" style=\"color:#e6320e\">Infos pratiques : <\/p>\n\n\n\n<figure class=\"wp-block-image size-full is-resized\"><img loading=\"lazy\" decoding=\"async\" width=\"1280\" height=\"844\" src=\"http:\/\/ecole-notredame-marigny.fr\/wp-content\/uploads\/2026\/03\/gea049b2d73986e6c61b31e9ada9d070d18cc72f3bca3bdd99478102c517e7c04d7311747239d33960a209fe52af1a18eef2852c5a3d1f43c7623f954f29f0a45_1280-3101625.jpg\" alt=\"the eleventh hour, time to rethink, catastrophe, time for a change, alarm clock, clock, ring the bell, dial, pointer, hours, time display, time, transience, clock face, minutes, timepiece, clocks, wake up, alarm clock, clock, clock, clock, clock, clock, wake up\" class=\"wp-image-116\" style=\"width:211px;height:auto\" srcset=\"https:\/\/ecole-notredame-marigny.fr\/wp-content\/uploads\/2026\/03\/gea049b2d73986e6c61b31e9ada9d070d18cc72f3bca3bdd99478102c517e7c04d7311747239d33960a209fe52af1a18eef2852c5a3d1f43c7623f954f29f0a45_1280-3101625.jpg 1280w, https:\/\/ecole-notredame-marigny.fr\/wp-content\/uploads\/2026\/03\/gea049b2d73986e6c61b31e9ada9d070d18cc72f3bca3bdd99478102c517e7c04d7311747239d33960a209fe52af1a18eef2852c5a3d1f43c7623f954f29f0a45_1280-3101625-300x198.jpg 300w, https:\/\/ecole-notredame-marigny.fr\/wp-content\/uploads\/2026\/03\/gea049b2d73986e6c61b31e9ada9d070d18cc72f3bca3bdd99478102c517e7c04d7311747239d33960a209fe52af1a18eef2852c5a3d1f43c7623f954f29f0a45_1280-3101625-1024x675.jpg 1024w, https:\/\/ecole-notredame-marigny.fr\/wp-content\/uploads\/2026\/03\/gea049b2d73986e6c61b31e9ada9d070d18cc72f3bca3bdd99478102c517e7c04d7311747239d33960a209fe52af1a18eef2852c5a3d1f43c7623f954f29f0a45_1280-3101625-768x506.jpg 768w\" sizes=\"auto, (max-width: 1280px) 100vw, 1280px\" \/><\/figure>\n\n\n\n<p class=\"has-neve-link-color-color has-text-color has-link-color has-medium-font-size wp-elements-3e029b4ad2bb71eb49c07fc71bcdf654\"><strong>Horaires :<\/strong><\/p>\n\n\n\n<p>Horaires de garderie : 7h30 &#8211; 19h00<br>Horaires de classe : 9h00-11h50 \/ 13h20-16h30 (maternelles et CP) ou 16h40 (CE-CM)<\/p>\n\n\n\n<figure class=\"wp-block-image size-full is-resized\"><img loading=\"lazy\" decoding=\"async\" width=\"1018\" height=\"763\" src=\"http:\/\/ecole-notredame-marigny.fr\/wp-content\/uploads\/2026\/03\/Capture-decran-2026-03-08-a-21.04.00.png\" alt=\"\" class=\"wp-image-117\" style=\"aspect-ratio:1.3342299932750505;width:220px;height:auto\" srcset=\"https:\/\/ecole-notredame-marigny.fr\/wp-content\/uploads\/2026\/03\/Capture-decran-2026-03-08-a-21.04.00.png 1018w, https:\/\/ecole-notredame-marigny.fr\/wp-content\/uploads\/2026\/03\/Capture-decran-2026-03-08-a-21.04.00-300x225.png 300w, https:\/\/ecole-notredame-marigny.fr\/wp-content\/uploads\/2026\/03\/Capture-decran-2026-03-08-a-21.04.00-768x576.png 768w\" sizes=\"auto, (max-width: 1018px) 100vw, 1018px\" \/><\/figure>\n\n\n\n<p class=\"has-text-color has-link-color has-medium-font-size wp-elements-37b3c5e2404ed03d38d12b97969c5ff1\" style=\"color:#ec7110\"><strong>Cantine :<\/strong><\/p>\n\n\n\n<p>La cantine est municipale. Les enfants mangent \u00e0 la cantine de l&rsquo;\u00e9cole publique. Ils sont emmen\u00e9s et ramen\u00e9s par le personnel de l&rsquo;\u00e9cole Notre Dame. La r\u00e9cr\u00e9ation du midi se fait \u00e0 l&rsquo;\u00e9cole. Informations sur la restauration scolaire de Marigny : <a href=\"https:\/\/www.mairie-marigny.com\/services-1\/jeunesse\/restaurant-scolaire\/\" target=\"_blank\" rel=\"noreferrer noopener\">ICI<\/a><\/p>\n\n\n\n<figure class=\"wp-block-image size-large is-resized\"><img loading=\"lazy\" decoding=\"async\" width=\"1024\" height=\"907\" src=\"http:\/\/ecole-notredame-marigny.fr\/wp-content\/uploads\/2026\/03\/g0195bebd0398b56a1a076336f5f34d709af3a8b454ad9ae8898cd9ea770e8938f8c320925c10e2771efeca5f6db3f8ae_1280-400249-1024x907.jpg\" alt=\"euro, coin, currency, europe, money, wealth, business, finance, profit, revenue, bank, deposit, incentive, investments, euro, euro, euro, euro, euro, coin, coin\" class=\"wp-image-118\" style=\"width:161px;height:auto\" srcset=\"https:\/\/ecole-notredame-marigny.fr\/wp-content\/uploads\/2026\/03\/g0195bebd0398b56a1a076336f5f34d709af3a8b454ad9ae8898cd9ea770e8938f8c320925c10e2771efeca5f6db3f8ae_1280-400249-1024x907.jpg 1024w, https:\/\/ecole-notredame-marigny.fr\/wp-content\/uploads\/2026\/03\/g0195bebd0398b56a1a076336f5f34d709af3a8b454ad9ae8898cd9ea770e8938f8c320925c10e2771efeca5f6db3f8ae_1280-400249-300x266.jpg 300w, https:\/\/ecole-notredame-marigny.fr\/wp-content\/uploads\/2026\/03\/g0195bebd0398b56a1a076336f5f34d709af3a8b454ad9ae8898cd9ea770e8938f8c320925c10e2771efeca5f6db3f8ae_1280-400249-768x680.jpg 768w, https:\/\/ecole-notredame-marigny.fr\/wp-content\/uploads\/2026\/03\/g0195bebd0398b56a1a076336f5f34d709af3a8b454ad9ae8898cd9ea770e8938f8c320925c10e2771efeca5f6db3f8ae_1280-400249.jpg 1280w\" sizes=\"auto, (max-width: 1024px) 100vw, 1024px\" \/><\/figure>\n\n\n\n<p class=\"has-text-color has-link-color has-medium-font-size wp-elements-3c6c49d1e30bd9b66e6605947f308d75\" style=\"color:#1f943a\"><strong>Tarifs (2026-2027) :<\/strong><\/p>\n\n\n\n<ul class=\"wp-block-list\">\n<li>La contribution familiale s&rsquo;\u00e9l\u00e8ve \u00e0 <strong>30 \u20ac par enfant \/ mois<\/strong> pour 1 enfant (tarif d\u00e9gressif \u00e0 partir de 2 enfants).<\/li>\n\n\n\n<li>Les services de Garderie &#8211; \u00e9tude sont factur\u00e9s \u00e0 la pr\u00e9sence : <strong>1,50 \u20ac le matin &#8211; 3 \u20ac le soir, quelle que soit la dur\u00e9e<\/strong><\/li>\n<\/ul>\n\n\n\n<p><\/p>\n","protected":false},"excerpt":{"rendered":"<p>L&rsquo;\u00e9cole Notre Dame accueille les \u00e9l\u00e8ves de la TPS au CM2, sur 4 classes : TPS-PS-MS \/ GS-CP \/ CE1-CE2 \/ CM1-CM2 Nous vous proposons : Infos pratiques : Horaires : Horaires de garderie : 7h30 &#8211; 19h00Horaires de classe : 9h00-11h50 \/ 13h20-16h30 (maternelles et CP) ou 16h40 (CE-CM) Cantine : La cantine est&hellip;&nbsp;<a href=\"https:\/\/ecole-notredame-marigny.fr\/index.php\/informations-pratiques\/\" rel=\"bookmark\"><span class=\"screen-reader-text\">Informations pratiques<\/span><\/a><\/p>\n","protected":false},"author":1,"featured_media":0,"parent":0,"menu_order":0,"comment_status":"closed","ping_status":"closed","template":"","meta":{"_uag_custom_page_level_css":"","neve_meta_sidebar":"","neve_meta_container":"","neve_meta_enable_content_width":"","neve_meta_content_width":0,"neve_meta_title_alignment":"","neve_meta_author_avatar":"","neve_post_elements_order":"","neve_meta_disable_header":"","neve_meta_disable_footer":"","neve_meta_disable_title":"","footnotes":""},"class_list":["post-94","page","type-page","status-publish","hentry"],"yoast_head":"<!-- This site is optimized with the Yoast SEO plugin v27.1.1 - https:\/\/yoast.com\/product\/yoast-seo-wordpress\/ -->\n<title>Informations pratiques - Ecole Notre Dame - Marigny<\/title>\n<meta name=\"robots\" content=\"index, follow, max-snippet:-1, max-image-preview:large, max-video-preview:-1\" \/>\n<link rel=\"canonical\" href=\"http:\/\/ecole-notredame-marigny.fr\/index.php\/informations-pratiques\/\" \/>\n<meta property=\"og:locale\" content=\"fr_FR\" \/>\n<meta property=\"og:type\" content=\"article\" \/>\n<meta property=\"og:title\" content=\"Informations pratiques - Ecole Notre Dame - Marigny\" \/>\n<meta property=\"og:description\" content=\"L&rsquo;\u00e9cole Notre Dame accueille les \u00e9l\u00e8ves de la TPS au CM2, sur 4 classes : TPS-PS-MS \/ GS-CP \/ CE1-CE2 \/ CM1-CM2 Nous vous proposons : Infos pratiques : Horaires : Horaires de garderie : 7h30 &#8211; 19h00Horaires de classe : 9h00-11h50 \/ 13h20-16h30 (maternelles et CP) ou 16h40 (CE-CM) Cantine : La cantine est&hellip;&nbsp;Informations pratiques\" \/>\n<meta property=\"og:url\" content=\"http:\/\/ecole-notredame-marigny.fr\/index.php\/informations-pratiques\/\" \/>\n<meta property=\"og:site_name\" content=\"Ecole Notre Dame - Marigny\" \/>\n<meta property=\"article:modified_time\" content=\"2026-03-08T20:23:06+00:00\" \/>\n<meta property=\"og:image\" content=\"https:\/\/ecole-notredame-marigny.fr\/wp-content\/uploads\/2026\/03\/Capture-decran-2026-03-08-a-20.56.50-1024x208.png\" \/>\n<meta name=\"twitter:card\" content=\"summary_large_image\" \/>\n<meta name=\"twitter:label1\" content=\"Dur\u00e9e de lecture estim\u00e9e\" \/>\n\t<meta name=\"twitter:data1\" content=\"2 minutes\" \/>\n<script type=\"application\/ld+json\" class=\"yoast-schema-graph\">{\"@context\":\"https:\/\/schema.org\",\"@graph\":[{\"@type\":\"WebPage\",\"@id\":\"http:\/\/ecole-notredame-marigny.fr\/index.php\/informations-pratiques\/\",\"url\":\"http:\/\/ecole-notredame-marigny.fr\/index.php\/informations-pratiques\/\",\"name\":\"Informations pratiques - Ecole Notre Dame - Marigny\",\"isPartOf\":{\"@id\":\"https:\/\/ecole-notredame-marigny.fr\/#website\"},\"primaryImageOfPage\":{\"@id\":\"http:\/\/ecole-notredame-marigny.fr\/index.php\/informations-pratiques\/#primaryimage\"},\"image\":{\"@id\":\"http:\/\/ecole-notredame-marigny.fr\/index.php\/informations-pratiques\/#primaryimage\"},\"thumbnailUrl\":\"https:\/\/ecole-notredame-marigny.fr\/wp-content\/uploads\/2026\/03\/Capture-decran-2026-03-08-a-20.56.50-1024x208.png\",\"datePublished\":\"2026-03-08T18:19:55+00:00\",\"dateModified\":\"2026-03-08T20:23:06+00:00\",\"breadcrumb\":{\"@id\":\"http:\/\/ecole-notredame-marigny.fr\/index.php\/informations-pratiques\/#breadcrumb\"},\"inLanguage\":\"fr-FR\",\"potentialAction\":[{\"@type\":\"ReadAction\",\"target\":[\"http:\/\/ecole-notredame-marigny.fr\/index.php\/informations-pratiques\/\"]}]},{\"@type\":\"ImageObject\",\"inLanguage\":\"fr-FR\",\"@id\":\"http:\/\/ecole-notredame-marigny.fr\/index.php\/informations-pratiques\/#primaryimage\",\"url\":\"https:\/\/ecole-notredame-marigny.fr\/wp-content\/uploads\/2026\/03\/Capture-decran-2026-03-08-a-20.56.50.png\",\"contentUrl\":\"https:\/\/ecole-notredame-marigny.fr\/wp-content\/uploads\/2026\/03\/Capture-decran-2026-03-08-a-20.56.50.png\",\"width\":1905,\"height\":387},{\"@type\":\"BreadcrumbList\",\"@id\":\"http:\/\/ecole-notredame-marigny.fr\/index.php\/informations-pratiques\/#breadcrumb\",\"itemListElement\":[{\"@type\":\"ListItem\",\"position\":1,\"name\":\"Accueil\",\"item\":\"https:\/\/ecole-notredame-marigny.fr\/\"},{\"@type\":\"ListItem\",\"position\":2,\"name\":\"Informations pratiques\"}]},{\"@type\":\"WebSite\",\"@id\":\"https:\/\/ecole-notredame-marigny.fr\/#website\",\"url\":\"https:\/\/ecole-notredame-marigny.fr\/\",\"name\":\"Ecole Notre Dame - Marigny\",\"description\":\"Ecole priv\u00e9e catholique\",\"publisher\":{\"@id\":\"https:\/\/ecole-notredame-marigny.fr\/#organization\"},\"potentialAction\":[{\"@type\":\"SearchAction\",\"target\":{\"@type\":\"EntryPoint\",\"urlTemplate\":\"https:\/\/ecole-notredame-marigny.fr\/?s={search_term_string}\"},\"query-input\":{\"@type\":\"PropertyValueSpecification\",\"valueRequired\":true,\"valueName\":\"search_term_string\"}}],\"inLanguage\":\"fr-FR\"},{\"@type\":\"Organization\",\"@id\":\"https:\/\/ecole-notredame-marigny.fr\/#organization\",\"name\":\"Ecole Notre Dame - Marigny\",\"url\":\"https:\/\/ecole-notredame-marigny.fr\/\",\"logo\":{\"@type\":\"ImageObject\",\"inLanguage\":\"fr-FR\",\"@id\":\"https:\/\/ecole-notredame-marigny.fr\/#\/schema\/logo\/image\/\",\"url\":\"https:\/\/ecole-notredame-marigny.fr\/wp-content\/uploads\/2025\/10\/cropped-cropped-cropped-cropped-Logo-ecole-2014-04-1.jpg\",\"contentUrl\":\"https:\/\/ecole-notredame-marigny.fr\/wp-content\/uploads\/2025\/10\/cropped-cropped-cropped-cropped-Logo-ecole-2014-04-1.jpg\",\"width\":625,\"height\":393,\"caption\":\"Ecole Notre Dame - Marigny\"},\"image\":{\"@id\":\"https:\/\/ecole-notredame-marigny.fr\/#\/schema\/logo\/image\/\"}}]}<\/script>\n<!-- \/ Yoast SEO plugin. -->","yoast_head_json":{"title":"Informations pratiques - Ecole Notre Dame - Marigny","robots":{"index":"index","follow":"follow","max-snippet":"max-snippet:-1","max-image-preview":"max-image-preview:large","max-video-preview":"max-video-preview:-1"},"canonical":"http:\/\/ecole-notredame-marigny.fr\/index.php\/informations-pratiques\/","og_locale":"fr_FR","og_type":"article","og_title":"Informations pratiques - Ecole Notre Dame - Marigny","og_description":"L&rsquo;\u00e9cole Notre Dame accueille les \u00e9l\u00e8ves de la TPS au CM2, sur 4 classes : TPS-PS-MS \/ GS-CP \/ CE1-CE2 \/ CM1-CM2 Nous vous proposons : Infos pratiques : Horaires : Horaires de garderie : 7h30 &#8211; 19h00Horaires de classe : 9h00-11h50 \/ 13h20-16h30 (maternelles et CP) ou 16h40 (CE-CM) Cantine : La cantine est&hellip;&nbsp;Informations pratiques","og_url":"http:\/\/ecole-notredame-marigny.fr\/index.php\/informations-pratiques\/","og_site_name":"Ecole Notre Dame - Marigny","article_modified_time":"2026-03-08T20:23:06+00:00","og_image":[{"url":"https:\/\/ecole-notredame-marigny.fr\/wp-content\/uploads\/2026\/03\/Capture-decran-2026-03-08-a-20.56.50-1024x208.png","type":"","width":"","height":""}],"twitter_card":"summary_large_image","twitter_misc":{"Dur\u00e9e de lecture estim\u00e9e":"2 minutes"},"schema":{"@context":"https:\/\/schema.org","@graph":[{"@type":"WebPage","@id":"http:\/\/ecole-notredame-marigny.fr\/index.php\/informations-pratiques\/","url":"http:\/\/ecole-notredame-marigny.fr\/index.php\/informations-pratiques\/","name":"Informations pratiques - Ecole Notre Dame - Marigny","isPartOf":{"@id":"https:\/\/ecole-notredame-marigny.fr\/#website"},"primaryImageOfPage":{"@id":"http:\/\/ecole-notredame-marigny.fr\/index.php\/informations-pratiques\/#primaryimage"},"image":{"@id":"http:\/\/ecole-notredame-marigny.fr\/index.php\/informations-pratiques\/#primaryimage"},"thumbnailUrl":"https:\/\/ecole-notredame-marigny.fr\/wp-content\/uploads\/2026\/03\/Capture-decran-2026-03-08-a-20.56.50-1024x208.png","datePublished":"2026-03-08T18:19:55+00:00","dateModified":"2026-03-08T20:23:06+00:00","breadcrumb":{"@id":"http:\/\/ecole-notredame-marigny.fr\/index.php\/informations-pratiques\/#breadcrumb"},"inLanguage":"fr-FR","potentialAction":[{"@type":"ReadAction","target":["http:\/\/ecole-notredame-marigny.fr\/index.php\/informations-pratiques\/"]}]},{"@type":"ImageObject","inLanguage":"fr-FR","@id":"http:\/\/ecole-notredame-marigny.fr\/index.php\/informations-pratiques\/#primaryimage","url":"https:\/\/ecole-notredame-marigny.fr\/wp-content\/uploads\/2026\/03\/Capture-decran-2026-03-08-a-20.56.50.png","contentUrl":"https:\/\/ecole-notredame-marigny.fr\/wp-content\/uploads\/2026\/03\/Capture-decran-2026-03-08-a-20.56.50.png","width":1905,"height":387},{"@type":"BreadcrumbList","@id":"http:\/\/ecole-notredame-marigny.fr\/index.php\/informations-pratiques\/#breadcrumb","itemListElement":[{"@type":"ListItem","position":1,"name":"Accueil","item":"https:\/\/ecole-notredame-marigny.fr\/"},{"@type":"ListItem","position":2,"name":"Informations pratiques"}]},{"@type":"WebSite","@id":"https:\/\/ecole-notredame-marigny.fr\/#website","url":"https:\/\/ecole-notredame-marigny.fr\/","name":"Ecole Notre Dame - Marigny","description":"Ecole priv\u00e9e catholique","publisher":{"@id":"https:\/\/ecole-notredame-marigny.fr\/#organization"},"potentialAction":[{"@type":"SearchAction","target":{"@type":"EntryPoint","urlTemplate":"https:\/\/ecole-notredame-marigny.fr\/?s={search_term_string}"},"query-input":{"@type":"PropertyValueSpecification","valueRequired":true,"valueName":"search_term_string"}}],"inLanguage":"fr-FR"},{"@type":"Organization","@id":"https:\/\/ecole-notredame-marigny.fr\/#organization","name":"Ecole Notre Dame - Marigny","url":"https:\/\/ecole-notredame-marigny.fr\/","logo":{"@type":"ImageObject","inLanguage":"fr-FR","@id":"https:\/\/ecole-notredame-marigny.fr\/#\/schema\/logo\/image\/","url":"https:\/\/ecole-notredame-marigny.fr\/wp-content\/uploads\/2025\/10\/cropped-cropped-cropped-cropped-Logo-ecole-2014-04-1.jpg","contentUrl":"https:\/\/ecole-notredame-marigny.fr\/wp-content\/uploads\/2025\/10\/cropped-cropped-cropped-cropped-Logo-ecole-2014-04-1.jpg","width":625,"height":393,"caption":"Ecole Notre Dame - Marigny"},"image":{"@id":"https:\/\/ecole-notredame-marigny.fr\/#\/schema\/logo\/image\/"}}]}},"uagb_featured_image_src":{"full":false,"thumbnail":false,"medium":false,"medium_large":false,"large":false,"1536x1536":false,"2048x2048":false,"neve-blog":false},"uagb_author_info":{"display_name":"Dir-ecole","author_link":"https:\/\/ecole-notredame-marigny.fr\/index.php\/author\/admin6607\/"},"uagb_comment_info":0,"uagb_excerpt":"L&rsquo;\u00e9cole Notre Dame accueille les \u00e9l\u00e8ves de la TPS au CM2, sur 4 classes : TPS-PS-MS \/ GS-CP \/ CE1-CE2 \/ CM1-CM2 Nous vous proposons : Infos pratiques : Horaires : Horaires de garderie : 7h30 &#8211; 19h00Horaires de classe : 9h00-11h50 \/ 13h20-16h30 (maternelles et CP) ou 16h40 (CE-CM) Cantine : La cantine est&hellip;&nbsp;Informations\u2026","_links":{"self":[{"href":"https:\/\/ecole-notredame-marigny.fr\/index.php\/wp-json\/wp\/v2\/pages\/94","targetHints":{"allow":["GET"]}}],"collection":[{"href":"https:\/\/ecole-notredame-marigny.fr\/index.php\/wp-json\/wp\/v2\/pages"}],"about":[{"href":"https:\/\/ecole-notredame-marigny.fr\/index.php\/wp-json\/wp\/v2\/types\/page"}],"author":[{"embeddable":true,"href":"https:\/\/ecole-notredame-marigny.fr\/index.php\/wp-json\/wp\/v2\/users\/1"}],"replies":[{"embeddable":true,"href":"https:\/\/ecole-notredame-marigny.fr\/index.php\/wp-json\/wp\/v2\/comments?post=94"}],"version-history":[{"count":3,"href":"https:\/\/ecole-notredame-marigny.fr\/index.php\/wp-json\/wp\/v2\/pages\/94\/revisions"}],"predecessor-version":[{"id":127,"href":"https:\/\/ecole-notredame-marigny.fr\/index.php\/wp-json\/wp\/v2\/pages\/94\/revisions\/127"}],"wp:attachment":[{"href":"https:\/\/ecole-notredame-marigny.fr\/index.php\/wp-json\/wp\/v2\/media?parent=94"}],"curies":[{"name":"wp","href":"https:\/\/api.w.org\/{rel}","templated":true}]}}